{"id":2,"date":"2018-07-04T19:14:24","date_gmt":"2018-07-04T17:14:24","guid":{"rendered":"http:\/\/emanik.org\/?page_id=2"},"modified":"2026-02-27T18:13:40","modified_gmt":"2026-02-27T17:13:40","slug":"page-d-exemple","status":"publish","type":"page","link":"https:\/\/www.emanik.org\/","title":{"rendered":"Ongi etorri!"},"content":{"rendered":"<div class=\"wp-block-image\">\n<figure class=\"aligncenter size-full is-resized\"><img loading=\"lazy\" decoding=\"async\" width=\"1135\" height=\"642\" src=\"https:\/\/www.emanik.org\/wp-content\/uploads\/2026\/02\/1-6.jpg\" alt=\"\" class=\"wp-image-785\" style=\"width:609px;height:auto\" srcset=\"https:\/\/www.emanik.org\/wp-content\/uploads\/2026\/02\/1-6.jpg 1135w, https:\/\/www.emanik.org\/wp-content\/uploads\/2026\/02\/1-6-300x170.jpg 300w, https:\/\/www.emanik.org\/wp-content\/uploads\/2026\/02\/1-6-1024x579.jpg 1024w, https:\/\/www.emanik.org\/wp-content\/uploads\/2026\/02\/1-6-768x434.jpg 768w\" sizes=\"auto, (max-width: 1135px) 100vw, 1135px\" \/><\/figure>\n<\/div>\n\n\n<p><\/p>\n\n\n\n<div class=\"wp-block-columns is-layout-flex wp-container-core-columns-is-layout-9d6595d7 wp-block-columns-is-layout-flex\">\n<div class=\"wp-block-column is-layout-flow wp-block-column-is-layout-flow\" style=\"flex-basis:100%\"><div class=\"wp-block-image\">\n<figure class=\"aligncenter size-full is-resized\"><img loading=\"lazy\" decoding=\"async\" width=\"1089\" height=\"643\" src=\"https:\/\/www.emanik.org\/wp-content\/uploads\/2026\/02\/2-7.jpg\" alt=\"\" class=\"wp-image-786\" style=\"width:661px;height:auto\" srcset=\"https:\/\/www.emanik.org\/wp-content\/uploads\/2026\/02\/2-7.jpg 1089w, https:\/\/www.emanik.org\/wp-content\/uploads\/2026\/02\/2-7-300x177.jpg 300w, https:\/\/www.emanik.org\/wp-content\/uploads\/2026\/02\/2-7-1024x605.jpg 1024w, https:\/\/www.emanik.org\/wp-content\/uploads\/2026\/02\/2-7-768x453.jpg 768w\" sizes=\"auto, (max-width: 1089px) 100vw, 1089px\" \/><\/figure>\n<\/div>\n\n<div class=\"wp-block-image\">\n<figure class=\"aligncenter size-large is-resized\"><img loading=\"lazy\" decoding=\"async\" width=\"1024\" height=\"574\" src=\"https:\/\/www.emanik.org\/wp-content\/uploads\/2026\/02\/3-7-1024x574.jpg\" alt=\"\" class=\"wp-image-787\" style=\"width:661px;height:auto\" srcset=\"https:\/\/www.emanik.org\/wp-content\/uploads\/2026\/02\/3-7-1024x574.jpg 1024w, https:\/\/www.emanik.org\/wp-content\/uploads\/2026\/02\/3-7-300x168.jpg 300w, https:\/\/www.emanik.org\/wp-content\/uploads\/2026\/02\/3-7-768x431.jpg 768w, https:\/\/www.emanik.org\/wp-content\/uploads\/2026\/02\/3-7.jpg 1077w\" sizes=\"auto, (max-width: 1024px) 100vw, 1024px\" \/><\/figure>\n<\/div>\n\n<div class=\"wp-block-image\">\n<figure class=\"aligncenter size-large is-resized\"><img loading=\"lazy\" decoding=\"async\" width=\"1024\" height=\"568\" src=\"https:\/\/www.emanik.org\/wp-content\/uploads\/2026\/02\/4-5-1024x568.jpg\" alt=\"\" class=\"wp-image-788\" style=\"width:661px;height:auto\" srcset=\"https:\/\/www.emanik.org\/wp-content\/uploads\/2026\/02\/4-5-1024x568.jpg 1024w, https:\/\/www.emanik.org\/wp-content\/uploads\/2026\/02\/4-5-300x166.jpg 300w, https:\/\/www.emanik.org\/wp-content\/uploads\/2026\/02\/4-5-768x426.jpg 768w, https:\/\/www.emanik.org\/wp-content\/uploads\/2026\/02\/4-5.jpg 1105w\" sizes=\"auto, (max-width: 1024px) 100vw, 1024px\" \/><\/figure>\n<\/div><\/div>\n<\/div>\n\n\n\n<p><\/p>\n\n\n\n<p><\/p>\n\n\n\n<p><\/p>\n\n\n\n<figure class=\"wp-block-image size-large\"><img loading=\"lazy\" decoding=\"async\" width=\"1024\" height=\"556\" src=\"https:\/\/www.emanik.org\/wp-content\/uploads\/2026\/02\/5-4-1024x556.jpg\" alt=\"\" class=\"wp-image-790\" srcset=\"https:\/\/www.emanik.org\/wp-content\/uploads\/2026\/02\/5-4-1024x556.jpg 1024w, https:\/\/www.emanik.org\/wp-content\/uploads\/2026\/02\/5-4-300x163.jpg 300w, https:\/\/www.emanik.org\/wp-content\/uploads\/2026\/02\/5-4-768x417.jpg 768w, https:\/\/www.emanik.org\/wp-content\/uploads\/2026\/02\/5-4.jpg 1095w\" sizes=\"auto, (max-width: 1024px) 100vw, 1024px\" \/><\/figure>\n\n\n\n<p><\/p>\n\n\n\n<p><\/p>\n\n\n\n<div class=\"wp-block-group is-nowrap is-layout-flex wp-container-core-group-is-layout-ad2f72ca wp-block-group-is-layout-flex\">\n<figure class=\"wp-block-image size-large\"><img loading=\"lazy\" decoding=\"async\" width=\"1024\" height=\"537\" src=\"https:\/\/www.emanik.org\/wp-content\/uploads\/2026\/02\/6-3-1024x537.jpg\" alt=\"\" class=\"wp-image-791\" srcset=\"https:\/\/www.emanik.org\/wp-content\/uploads\/2026\/02\/6-3-1024x537.jpg 1024w, https:\/\/www.emanik.org\/wp-content\/uploads\/2026\/02\/6-3-300x157.jpg 300w, https:\/\/www.emanik.org\/wp-content\/uploads\/2026\/02\/6-3-768x403.jpg 768w, https:\/\/www.emanik.org\/wp-content\/uploads\/2026\/02\/6-3.jpg 1127w\" sizes=\"auto, (max-width: 1024px) 100vw, 1024px\" \/><\/figure>\n<\/div>\n\n\n\n<p><\/p>\n\n\n\n<p class=\"has-text-align-center\"><\/p>\n\n\n\n<p><\/p>\n\n\n\n<p><\/p>\n\n\n\n<p><\/p>\n\n\n\n<p><\/p>\n\n\n\n<p><\/p>\n\n\n\n<p><\/p>\n\n\n\n<p><\/p>\n\n\n\n<p><\/p>\n\n\n\n<p><\/p>\n\n\n\n<p><\/p>\n\n\n\n<p><\/p>\n\n\n\n<p><\/p>\n\n\n\n<p><\/p>\n\n\n\n<p><\/p>\n\n\n\n<p><\/p>\n\n\n\n<p><\/p>\n\n\n\n<p><\/p>\n\n\n\n<p><\/p>\n\n\n\n<p><\/p>\n\n\n\n<p><\/p>\n\n\n\n<p><\/p>\n\n\n\n<p><\/p>\n\n\n\n<p><\/p>\n\n\n\n<p><\/p>\n\n\n\n<p><span style=\"color: #800000;\"><\/span><\/p>\n\n\n\n<p>______________________________________________________________________________<\/p>\n\n\n\n<p>Une bonne nouvelle \u00e0 partager avec vous :<\/p>\n\n\n<div class=\"wp-block-image is-resized\">\n<figure class=\"alignright\"><img loading=\"lazy\" decoding=\"async\" width=\"933\" height=\"938\" src=\"http:\/\/www.emanik.org\/wp-content\/uploads\/2019\/05\/59285506_2168165363221255_7209628808549236736_n.jpg\" alt=\"\" class=\"wp-image-163\" srcset=\"https:\/\/www.emanik.org\/wp-content\/uploads\/2019\/05\/59285506_2168165363221255_7209628808549236736_n.jpg 933w, https:\/\/www.emanik.org\/wp-content\/uploads\/2019\/05\/59285506_2168165363221255_7209628808549236736_n-150x150.jpg 150w, https:\/\/www.emanik.org\/wp-content\/uploads\/2019\/05\/59285506_2168165363221255_7209628808549236736_n-298x300.jpg 298w, https:\/\/www.emanik.org\/wp-content\/uploads\/2019\/05\/59285506_2168165363221255_7209628808549236736_n-768x772.jpg 768w\" sizes=\"auto, (max-width: 933px) 100vw, 933px\" \/><\/figure>\n<\/div>\n\n\n<p><strong><span style=\"color: #008000;\">EMANIK<\/span> <\/strong>est<strong> <span style=\"color: #800000;\">reconnue d&rsquo;int\u00e9r\u00eat g\u00e9n\u00e9ral<\/span>. <\/strong><\/p>\n\n\n\n<p>Nous allons donc pouvoir d\u00e9livrer des re\u00e7us de dons qui permettent au donateur de b\u00e9n\u00e9ficier d&rsquo;une<strong> <span style=\"color: #800000;\">r\u00e9duction d&rsquo;imp\u00f4t pour don d&rsquo;un montant \u00e9gal \u00e0 66 % de la somme vers\u00e9e dans la limite de 20 % du revenu imposable<\/span>.<\/strong><\/p>\n\n\n\n<div dir=\"ltr\">\n<div dir=\"ltr\">&nbsp;<\/div>\n<\/div>\n\n\n\n<p>______________________________________________________________________________<\/p>\n\n\n\n<p>Zure partaidetza beharko genuke %3a jasotzeko beraz, ez baduzu oraindik zure elkartea hautatu, gugan pentsatu<span class=\"_5mfr\"><span class=\"_6qdm\">\ud83d\ude09<\/span><\/span>!<\/p>\n\n\n\n<p>Nous avons besoin de votre parrainage pour recevoir les 3% destin\u00e9s aux associations alors, si vous n&rsquo;avez pas encore choisi la v\u00f4tre, pensez \u00e0 nous <span class=\"_5mfr\"><span class=\"_6qdm\">\ud83d\ude09<\/span><\/span> !<\/p>\n\n\n<div class=\"wp-block-image\">\n<figure class=\"aligncenter is-resized\"><img loading=\"lazy\" decoding=\"async\" width=\"474\" height=\"158\" src=\"http:\/\/www.emanik.org\/wp-content\/uploads\/2019\/05\/eusko-1.jpg\" alt=\"\" class=\"wp-image-169\" style=\"width:351px;height:117px\" srcset=\"https:\/\/www.emanik.org\/wp-content\/uploads\/2019\/05\/eusko-1.jpg 474w, https:\/\/www.emanik.org\/wp-content\/uploads\/2019\/05\/eusko-1-300x100.jpg 300w\" sizes=\"auto, (max-width: 474px) 100vw, 474px\" \/><\/figure>\n<\/div>\n\n\n<h4 class=\"wp-block-heading\">www.euskalmoneta.org<\/h4>\n","protected":false},"excerpt":{"rendered":"<p>______________________________________________________________________________ Une bonne nouvelle \u00e0 partager avec vous : EMANIK est reconnue d&rsquo;int\u00e9r\u00eat g\u00e9n\u00e9ral. Nous allons donc pouvoir d\u00e9livrer des re\u00e7us de dons qui permettent au donateur de b\u00e9n\u00e9ficier d&rsquo;une r\u00e9duction d&rsquo;imp\u00f4t pour don d&rsquo;un montant \u00e9gal \u00e0 66 % de la somme vers\u00e9e dans la limite de 20 % du revenu imposable. &nbsp; ______________________________________________________________________________ [&hellip;]<\/p>\n","protected":false},"author":1,"featured_media":0,"parent":0,"menu_order":0,"comment_status":"closed","ping_status":"open","template":"","meta":{"give_campaign_id":0,"footnotes":""},"class_list":["post-2","page","type-page","status-publish","hentry"],"yoast_head":"<!-- This site is optimized with the Yoast SEO plugin v27.5 - https:\/\/yoast.com\/product\/yoast-seo-wordpress\/ -->\n<title>Ongi etorri! - EMANIK<\/title>\n<meta name=\"robots\" content=\"index, follow, max-snippet:-1, max-image-preview:large, max-video-preview:-1\" \/>\n<link rel=\"canonical\" href=\"https:\/\/www.emanik.org\/\" \/>\n<meta property=\"og:locale\" content=\"fr_FR\" \/>\n<meta property=\"og:type\" content=\"article\" \/>\n<meta property=\"og:title\" content=\"Ongi etorri! - EMANIK\" \/>\n<meta property=\"og:description\" content=\"______________________________________________________________________________ Une bonne nouvelle \u00e0 partager avec vous : EMANIK est reconnue d&rsquo;int\u00e9r\u00eat g\u00e9n\u00e9ral. Nous allons donc pouvoir d\u00e9livrer des re\u00e7us de dons qui permettent au donateur de b\u00e9n\u00e9ficier d&rsquo;une r\u00e9duction d&rsquo;imp\u00f4t pour don d&rsquo;un montant \u00e9gal \u00e0 66 % de la somme vers\u00e9e dans la limite de 20 % du revenu imposable. &nbsp; ______________________________________________________________________________ [&hellip;]\" \/>\n<meta property=\"og:url\" content=\"https:\/\/www.emanik.org\/\" \/>\n<meta property=\"og:site_name\" content=\"EMANIK\" \/>\n<meta property=\"article:modified_time\" content=\"2026-02-27T17:13:40+00:00\" \/>\n<meta property=\"og:image\" content=\"https:\/\/www.emanik.org\/wp-content\/uploads\/2026\/02\/1-6.jpg\" \/>\n\t<meta property=\"og:image:width\" content=\"1135\" \/>\n\t<meta property=\"og:image:height\" content=\"642\" \/>\n\t<meta property=\"og:image:type\" content=\"image\/jpeg\" \/>\n<meta name=\"twitter:card\" content=\"summary_large_image\" \/>\n<meta name=\"twitter:label1\" content=\"Dur\u00e9e de lecture estim\u00e9e\" \/>\n\t<meta name=\"twitter:data1\" content=\"3 minutes\" \/>\n<script type=\"application\/ld+json\" class=\"yoast-schema-graph\">{\"@context\":\"https:\\\/\\\/schema.org\",\"@graph\":[{\"@type\":\"WebPage\",\"@id\":\"https:\\\/\\\/www.emanik.org\\\/\",\"url\":\"https:\\\/\\\/www.emanik.org\\\/\",\"name\":\"Ongi etorri! - EMANIK\",\"isPartOf\":{\"@id\":\"https:\\\/\\\/www.emanik.org\\\/#website\"},\"primaryImageOfPage\":{\"@id\":\"https:\\\/\\\/www.emanik.org\\\/#primaryimage\"},\"image\":{\"@id\":\"https:\\\/\\\/www.emanik.org\\\/#primaryimage\"},\"thumbnailUrl\":\"https:\\\/\\\/www.emanik.org\\\/wp-content\\\/uploads\\\/2026\\\/02\\\/1-6.jpg\",\"datePublished\":\"2018-07-04T17:14:24+00:00\",\"dateModified\":\"2026-02-27T17:13:40+00:00\",\"breadcrumb\":{\"@id\":\"https:\\\/\\\/www.emanik.org\\\/#breadcrumb\"},\"inLanguage\":\"fr-FR\",\"potentialAction\":[{\"@type\":\"ReadAction\",\"target\":[\"https:\\\/\\\/www.emanik.org\\\/\"]}]},{\"@type\":\"ImageObject\",\"inLanguage\":\"fr-FR\",\"@id\":\"https:\\\/\\\/www.emanik.org\\\/#primaryimage\",\"url\":\"https:\\\/\\\/www.emanik.org\\\/wp-content\\\/uploads\\\/2026\\\/02\\\/1-6.jpg\",\"contentUrl\":\"https:\\\/\\\/www.emanik.org\\\/wp-content\\\/uploads\\\/2026\\\/02\\\/1-6.jpg\",\"width\":1135,\"height\":642},{\"@type\":\"BreadcrumbList\",\"@id\":\"https:\\\/\\\/www.emanik.org\\\/#breadcrumb\",\"itemListElement\":[{\"@type\":\"ListItem\",\"position\":1,\"name\":\"Accueil\",\"item\":\"https:\\\/\\\/www.emanik.org\\\/\"},{\"@type\":\"ListItem\",\"position\":2,\"name\":\"Ongi etorri!\"}]},{\"@type\":\"WebSite\",\"@id\":\"https:\\\/\\\/www.emanik.org\\\/#website\",\"url\":\"https:\\\/\\\/www.emanik.org\\\/\",\"name\":\"EMANIK\",\"description\":\"pour un monde plus juste\",\"publisher\":{\"@id\":\"https:\\\/\\\/www.emanik.org\\\/#organization\"},\"potentialAction\":[{\"@type\":\"SearchAction\",\"target\":{\"@type\":\"EntryPoint\",\"urlTemplate\":\"https:\\\/\\\/www.emanik.org\\\/?s={search_term_string}\"},\"query-input\":{\"@type\":\"PropertyValueSpecification\",\"valueRequired\":true,\"valueName\":\"search_term_string\"}}],\"inLanguage\":\"fr-FR\"},{\"@type\":\"Organization\",\"@id\":\"https:\\\/\\\/www.emanik.org\\\/#organization\",\"name\":\"EMANIK\",\"url\":\"https:\\\/\\\/www.emanik.org\\\/\",\"logo\":{\"@type\":\"ImageObject\",\"inLanguage\":\"fr-FR\",\"@id\":\"https:\\\/\\\/www.emanik.org\\\/#\\\/schema\\\/logo\\\/image\\\/\",\"url\":\"https:\\\/\\\/www.emanik.org\\\/wp-content\\\/uploads\\\/2018\\\/07\\\/cropped-petit-logo-5.jpg\",\"contentUrl\":\"https:\\\/\\\/www.emanik.org\\\/wp-content\\\/uploads\\\/2018\\\/07\\\/cropped-petit-logo-5.jpg\",\"width\":140,\"height\":140,\"caption\":\"EMANIK\"},\"image\":{\"@id\":\"https:\\\/\\\/www.emanik.org\\\/#\\\/schema\\\/logo\\\/image\\\/\"}}]}<\/script>\n<!-- \/ Yoast SEO plugin. -->","yoast_head_json":{"title":"Ongi etorri! - EMANIK","robots":{"index":"index","follow":"follow","max-snippet":"max-snippet:-1","max-image-preview":"max-image-preview:large","max-video-preview":"max-video-preview:-1"},"canonical":"https:\/\/www.emanik.org\/","og_locale":"fr_FR","og_type":"article","og_title":"Ongi etorri! - EMANIK","og_description":"______________________________________________________________________________ Une bonne nouvelle \u00e0 partager avec vous : EMANIK est reconnue d&rsquo;int\u00e9r\u00eat g\u00e9n\u00e9ral. Nous allons donc pouvoir d\u00e9livrer des re\u00e7us de dons qui permettent au donateur de b\u00e9n\u00e9ficier d&rsquo;une r\u00e9duction d&rsquo;imp\u00f4t pour don d&rsquo;un montant \u00e9gal \u00e0 66 % de la somme vers\u00e9e dans la limite de 20 % du revenu imposable. &nbsp; ______________________________________________________________________________ [&hellip;]","og_url":"https:\/\/www.emanik.org\/","og_site_name":"EMANIK","article_modified_time":"2026-02-27T17:13:40+00:00","og_image":[{"width":1135,"height":642,"url":"https:\/\/www.emanik.org\/wp-content\/uploads\/2026\/02\/1-6.jpg","type":"image\/jpeg"}],"twitter_card":"summary_large_image","twitter_misc":{"Dur\u00e9e de lecture estim\u00e9e":"3 minutes"},"schema":{"@context":"https:\/\/schema.org","@graph":[{"@type":"WebPage","@id":"https:\/\/www.emanik.org\/","url":"https:\/\/www.emanik.org\/","name":"Ongi etorri! - EMANIK","isPartOf":{"@id":"https:\/\/www.emanik.org\/#website"},"primaryImageOfPage":{"@id":"https:\/\/www.emanik.org\/#primaryimage"},"image":{"@id":"https:\/\/www.emanik.org\/#primaryimage"},"thumbnailUrl":"https:\/\/www.emanik.org\/wp-content\/uploads\/2026\/02\/1-6.jpg","datePublished":"2018-07-04T17:14:24+00:00","dateModified":"2026-02-27T17:13:40+00:00","breadcrumb":{"@id":"https:\/\/www.emanik.org\/#breadcrumb"},"inLanguage":"fr-FR","potentialAction":[{"@type":"ReadAction","target":["https:\/\/www.emanik.org\/"]}]},{"@type":"ImageObject","inLanguage":"fr-FR","@id":"https:\/\/www.emanik.org\/#primaryimage","url":"https:\/\/www.emanik.org\/wp-content\/uploads\/2026\/02\/1-6.jpg","contentUrl":"https:\/\/www.emanik.org\/wp-content\/uploads\/2026\/02\/1-6.jpg","width":1135,"height":642},{"@type":"BreadcrumbList","@id":"https:\/\/www.emanik.org\/#breadcrumb","itemListElement":[{"@type":"ListItem","position":1,"name":"Accueil","item":"https:\/\/www.emanik.org\/"},{"@type":"ListItem","position":2,"name":"Ongi etorri!"}]},{"@type":"WebSite","@id":"https:\/\/www.emanik.org\/#website","url":"https:\/\/www.emanik.org\/","name":"EMANIK","description":"pour un monde plus juste","publisher":{"@id":"https:\/\/www.emanik.org\/#organization"},"potentialAction":[{"@type":"SearchAction","target":{"@type":"EntryPoint","urlTemplate":"https:\/\/www.emanik.org\/?s={search_term_string}"},"query-input":{"@type":"PropertyValueSpecification","valueRequired":true,"valueName":"search_term_string"}}],"inLanguage":"fr-FR"},{"@type":"Organization","@id":"https:\/\/www.emanik.org\/#organization","name":"EMANIK","url":"https:\/\/www.emanik.org\/","logo":{"@type":"ImageObject","inLanguage":"fr-FR","@id":"https:\/\/www.emanik.org\/#\/schema\/logo\/image\/","url":"https:\/\/www.emanik.org\/wp-content\/uploads\/2018\/07\/cropped-petit-logo-5.jpg","contentUrl":"https:\/\/www.emanik.org\/wp-content\/uploads\/2018\/07\/cropped-petit-logo-5.jpg","width":140,"height":140,"caption":"EMANIK"},"image":{"@id":"https:\/\/www.emanik.org\/#\/schema\/logo\/image\/"}}]}},"campaignId":"","_links":{"self":[{"href":"https:\/\/www.emanik.org\/index.php\/wp-json\/wp\/v2\/pages\/2","targetHints":{"allow":["GET"]}}],"collection":[{"href":"https:\/\/www.emanik.org\/index.php\/wp-json\/wp\/v2\/pages"}],"about":[{"href":"https:\/\/www.emanik.org\/index.php\/wp-json\/wp\/v2\/types\/page"}],"author":[{"embeddable":true,"href":"https:\/\/www.emanik.org\/index.php\/wp-json\/wp\/v2\/users\/1"}],"replies":[{"embeddable":true,"href":"https:\/\/www.emanik.org\/index.php\/wp-json\/wp\/v2\/comments?post=2"}],"version-history":[{"count":72,"href":"https:\/\/www.emanik.org\/index.php\/wp-json\/wp\/v2\/pages\/2\/revisions"}],"predecessor-version":[{"id":792,"href":"https:\/\/www.emanik.org\/index.php\/wp-json\/wp\/v2\/pages\/2\/revisions\/792"}],"wp:attachment":[{"href":"https:\/\/www.emanik.org\/index.php\/wp-json\/wp\/v2\/media?parent=2"}],"curies":[{"name":"wp","href":"https:\/\/api.w.org\/{rel}","templated":true}]}}