{"id":463,"date":"2022-12-26T12:07:18","date_gmt":"2022-12-26T11:07:18","guid":{"rendered":"https:\/\/www.emanik.org\/?page_id=463"},"modified":"2026-02-27T18:36:30","modified_gmt":"2026-02-27T17:36:30","slug":"programme-femmes-batisseuses-perou","status":"publish","type":"page","link":"https:\/\/www.emanik.org\/index.php\/programme-femmes-batisseuses-perou\/","title":{"rendered":"Programme Femmes b\u00e2tisseuses &#8211; P\u00e9rou"},"content":{"rendered":"\n<p><\/p>\n\n\n\n<p><\/p>\n\n\n\n<p class=\"has-light-green-cyan-background-color has-background\" style=\"font-size:17px\"><strong>P\u00e9riode de Mission<\/strong><\/p>\n\n\n\n<p class=\"has-small-font-size\">De janvier 2023 \u00e0 d\u00e9cembre 2024 <\/p>\n\n\n\n<p class=\"has-light-green-cyan-background-color has-background\" style=\"font-size:16px\"><strong>Description du Programme<\/strong><\/p>\n\n\n\n<p class=\"has-text-align-left\">Le projet men\u00e9 dans le quartier <strong>El Nuevo Amanecer \u2013 El Para\u00edso<\/strong> s\u2019adresse \u00e0 un groupe de <strong>30 femmes d\u00e9j\u00e0 engag\u00e9es et actrices de leur communaut\u00e9<\/strong>. Elles participent toutes b\u00e9n\u00e9volement et activement au programme alimentaire <strong>El Vaso de Leche<\/strong>, notre partenaire principal.<\/p>\n\n\n\n<p class=\"has-text-align-left\">Ces femmes ont pris l\u2019initiative de nous rencontrer et nous ont sollicit\u00e9s afin de mettre en \u0153uvre ce projet. Celui-ci vise \u00e0 leur fournir les <strong>outils n\u00e9cessaires \u00e0 leur insertion \u00e9conomique<\/strong>, contribuant ainsi \u00e0 l\u2019am\u00e9lioration de leurs conditions de vie dans un contexte de <strong>forte vuln\u00e9rabilit\u00e9 sociale<\/strong>.<\/p>\n\n\n\n<p class=\"has-light-green-cyan-background-color has-background\" style=\"font-size:17px\"><strong>Objetivo du Programme<\/strong><\/p>\n\n\n\n<ul class=\"wp-block-list\">\n<li><\/li>\n<\/ul>\n\n\n\n<p class=\"has-text-align-left has-medium-font-size\"><strong>Formation professionnelle et insertion<\/strong><\/p>\n\n\n\n<p class=\"has-text-align-left\">Le projet propose une formation professionnelle en ma\u00e7onnerie et aux bases des techniques de construction. <strong>Ainsi<\/strong>, cette formation aboutira \u00e0 la construction d\u2019un centre communautaire conforme aux normes. Celui-ci r\u00e9pondra <strong>\u00e0 la fois<\/strong> \u00e0 un besoin local majeur, social et environnemental, et offrira <strong>par ailleurs<\/strong> la possibilit\u00e9 de cr\u00e9er des espaces verts.<\/p>\n\n\n\n<p><strong>\u00c0 l\u2019issue du projet<\/strong>, les participantes pourront poursuivre leur activit\u00e9 au sein de leur communaut\u00e9. <strong>De plus<\/strong>, elles auront la possibilit\u00e9 d\u2019intervenir dans les quartiers et districts voisins, o\u00f9 la demande en main-d\u2019\u0153uvre reste constante.<\/p>\n\n\n\n<p class=\"has-text-align-left\"><strong>Concr\u00e8tement<\/strong>, l\u2019ensemble de la formation pratique se d\u00e9roulera directement sur le chantier du centre communautaire. <strong>De cette mani\u00e8re<\/strong>, elles acquerront une exp\u00e9rience professionnelle imm\u00e9diate et valorisable..<\/p>\n\n\n\n<h3 class=\"wp-block-heading\">Sant\u00e9 int\u00e9grale et accompagnement psychosocial<\/h3>\n\n\n\n<p><strong>En parall\u00e8le<\/strong>, le projet int\u00e8gre un volet de sant\u00e9 int\u00e9grale, sp\u00e9cifiquement adapt\u00e9 \u00e0 une population f\u00e9minine vivant en situation d\u2019extr\u00eame pauvret\u00e9 et de grande vuln\u00e9rabilit\u00e9. <strong>\u00c0 cet effet<\/strong>, des ateliers anim\u00e9s par des professionnels aborderont les diff\u00e9rents aspects de la sant\u00e9.<\/p>\n\n\n\n<p><strong>Par ailleurs<\/strong>, un accompagnement psychologique, individuel et collectif, sera propos\u00e9 tout au long du programme, <strong>afin de<\/strong> permettre aux participantes de retrouver progressivement confiance en elles.<\/p>\n\n\n\n<p><strong>En compl\u00e9ment<\/strong>, la sant\u00e9 sexuelle, affective et maternelle sera abord\u00e9e par notre coordinatrice, m\u00e9decin obst\u00e9tricienne. <strong>Cette d\u00e9marche<\/strong> favorisera une meilleure connaissance du corps et une r\u00e9appropriation positive de leur f\u00e9minit\u00e9.<\/p>\n\n\n\n<p><strong>Enfin<\/strong>, des ateliers d\u2019\u00e9ducation \u00e0 une alimentation saine et \u00e9quilibr\u00e9e viendront compl\u00e9ter le dispositif. <strong>Ils contribueront ainsi<\/strong> directement \u00e0 l\u2019am\u00e9lioration durable de la sant\u00e9 physique des participantes.<\/p>\n\n\n\n<p><\/p>\n\n\n\n<h3 class=\"wp-block-heading\">Approche transversale de genre<\/h3>\n\n\n\n<p><strong>De mani\u00e8re transversale<\/strong>, la notion de genre occupera une place pr\u00e9pond\u00e9rante dans l\u2019ensemble du projet, <strong>garantissant ainsi<\/strong> une approche \u00e9quitable et inclusive \u00e0 chaque \u00e9tape du programme.<\/p>\n\n\n\n<p><\/p>\n\n\n\n<p><\/p>\n\n\n\n<figure class=\"wp-block-gallery has-nested-images columns-default is-cropped wp-block-gallery-1 is-layout-flex wp-block-gallery-is-layout-flex\">\n<figure class=\"wp-block-image size-large\"><img loading=\"lazy\" decoding=\"async\" width=\"1024\" height=\"589\" data-id=\"763\" src=\"https:\/\/www.emanik.org\/wp-content\/uploads\/2026\/02\/Diapo-1-1-1024x589.jpg\" alt=\"\" class=\"wp-image-763\" srcset=\"https:\/\/www.emanik.org\/wp-content\/uploads\/2026\/02\/Diapo-1-1-1024x589.jpg 1024w, https:\/\/www.emanik.org\/wp-content\/uploads\/2026\/02\/Diapo-1-1-300x172.jpg 300w, https:\/\/www.emanik.org\/wp-content\/uploads\/2026\/02\/Diapo-1-1-768x442.jpg 768w, https:\/\/www.emanik.org\/wp-content\/uploads\/2026\/02\/Diapo-1-1.jpg 1155w\" sizes=\"auto, (max-width: 1024px) 100vw, 1024px\" \/><\/figure>\n<\/figure>\n\n\n\n<figure class=\"wp-block-image size-large\"><img loading=\"lazy\" decoding=\"async\" width=\"1024\" height=\"579\" src=\"https:\/\/www.emanik.org\/wp-content\/uploads\/2026\/02\/Diapo-2-1-1024x579.jpg\" alt=\"\" class=\"wp-image-764\" srcset=\"https:\/\/www.emanik.org\/wp-content\/uploads\/2026\/02\/Diapo-2-1-1024x579.jpg 1024w, https:\/\/www.emanik.org\/wp-content\/uploads\/2026\/02\/Diapo-2-1-300x170.jpg 300w, https:\/\/www.emanik.org\/wp-content\/uploads\/2026\/02\/Diapo-2-1-768x434.jpg 768w, https:\/\/www.emanik.org\/wp-content\/uploads\/2026\/02\/Diapo-2-1.jpg 1159w\" sizes=\"auto, (max-width: 1024px) 100vw, 1024px\" \/><\/figure>\n\n\n\n<figure class=\"wp-block-image size-large\"><img loading=\"lazy\" decoding=\"async\" width=\"1024\" height=\"574\" src=\"https:\/\/www.emanik.org\/wp-content\/uploads\/2026\/02\/Diapo-3-1-1024x574.jpg\" alt=\"\" class=\"wp-image-765\" srcset=\"https:\/\/www.emanik.org\/wp-content\/uploads\/2026\/02\/Diapo-3-1-1024x574.jpg 1024w, https:\/\/www.emanik.org\/wp-content\/uploads\/2026\/02\/Diapo-3-1-300x168.jpg 300w, https:\/\/www.emanik.org\/wp-content\/uploads\/2026\/02\/Diapo-3-1-768x430.jpg 768w, https:\/\/www.emanik.org\/wp-content\/uploads\/2026\/02\/Diapo-3-1.jpg 1164w\" sizes=\"auto, (max-width: 1024px) 100vw, 1024px\" \/><\/figure>\n\n\n\n<figure class=\"wp-block-image size-large\"><img loading=\"lazy\" decoding=\"async\" width=\"1024\" height=\"573\" src=\"https:\/\/www.emanik.org\/wp-content\/uploads\/2026\/02\/Diapo-4-1-1024x573.jpg\" alt=\"\" class=\"wp-image-767\" srcset=\"https:\/\/www.emanik.org\/wp-content\/uploads\/2026\/02\/Diapo-4-1-1024x573.jpg 1024w, https:\/\/www.emanik.org\/wp-content\/uploads\/2026\/02\/Diapo-4-1-300x168.jpg 300w, https:\/\/www.emanik.org\/wp-content\/uploads\/2026\/02\/Diapo-4-1-768x429.jpg 768w, https:\/\/www.emanik.org\/wp-content\/uploads\/2026\/02\/Diapo-4-1.jpg 1159w\" sizes=\"auto, (max-width: 1024px) 100vw, 1024px\" \/><\/figure>\n\n\n\n<figure class=\"wp-block-image size-large\"><img loading=\"lazy\" decoding=\"async\" width=\"1024\" height=\"574\" src=\"https:\/\/www.emanik.org\/wp-content\/uploads\/2026\/02\/Diapo-5-1-1024x574.jpg\" alt=\"\" class=\"wp-image-768\" srcset=\"https:\/\/www.emanik.org\/wp-content\/uploads\/2026\/02\/Diapo-5-1-1024x574.jpg 1024w, https:\/\/www.emanik.org\/wp-content\/uploads\/2026\/02\/Diapo-5-1-300x168.jpg 300w, https:\/\/www.emanik.org\/wp-content\/uploads\/2026\/02\/Diapo-5-1-768x430.jpg 768w, https:\/\/www.emanik.org\/wp-content\/uploads\/2026\/02\/Diapo-5-1.jpg 1165w\" sizes=\"auto, (max-width: 1024px) 100vw, 1024px\" \/><\/figure>\n\n\n\n<figure class=\"wp-block-image size-large\"><img loading=\"lazy\" decoding=\"async\" width=\"1024\" height=\"574\" src=\"https:\/\/www.emanik.org\/wp-content\/uploads\/2026\/02\/Diapo-6-1-1024x574.jpg\" alt=\"\" class=\"wp-image-769\" srcset=\"https:\/\/www.emanik.org\/wp-content\/uploads\/2026\/02\/Diapo-6-1-1024x574.jpg 1024w, https:\/\/www.emanik.org\/wp-content\/uploads\/2026\/02\/Diapo-6-1-300x168.jpg 300w, https:\/\/www.emanik.org\/wp-content\/uploads\/2026\/02\/Diapo-6-1-768x431.jpg 768w, https:\/\/www.emanik.org\/wp-content\/uploads\/2026\/02\/Diapo-6-1.jpg 1163w\" sizes=\"auto, (max-width: 1024px) 100vw, 1024px\" \/><\/figure>\n\n\n\n<figure class=\"wp-block-image size-large\"><img loading=\"lazy\" decoding=\"async\" width=\"1024\" height=\"571\" src=\"https:\/\/www.emanik.org\/wp-content\/uploads\/2026\/02\/Diapo-7-1-1024x571.jpg\" alt=\"\" class=\"wp-image-770\" srcset=\"https:\/\/www.emanik.org\/wp-content\/uploads\/2026\/02\/Diapo-7-1-1024x571.jpg 1024w, https:\/\/www.emanik.org\/wp-content\/uploads\/2026\/02\/Diapo-7-1-300x167.jpg 300w, https:\/\/www.emanik.org\/wp-content\/uploads\/2026\/02\/Diapo-7-1-768x429.jpg 768w, https:\/\/www.emanik.org\/wp-content\/uploads\/2026\/02\/Diapo-7-1.jpg 1172w\" sizes=\"auto, (max-width: 1024px) 100vw, 1024px\" \/><\/figure>\n\n\n\n<figure class=\"wp-block-image size-large\"><img loading=\"lazy\" decoding=\"async\" width=\"1024\" height=\"560\" src=\"https:\/\/www.emanik.org\/wp-content\/uploads\/2026\/02\/Diapo-8-1-1024x560.jpg\" alt=\"\" class=\"wp-image-771\" srcset=\"https:\/\/www.emanik.org\/wp-content\/uploads\/2026\/02\/Diapo-8-1-1024x560.jpg 1024w, https:\/\/www.emanik.org\/wp-content\/uploads\/2026\/02\/Diapo-8-1-300x164.jpg 300w, https:\/\/www.emanik.org\/wp-content\/uploads\/2026\/02\/Diapo-8-1-768x420.jpg 768w, https:\/\/www.emanik.org\/wp-content\/uploads\/2026\/02\/Diapo-8-1.jpg 1164w\" sizes=\"auto, (max-width: 1024px) 100vw, 1024px\" \/><\/figure>\n\n\n\n<figure class=\"wp-block-image size-large\"><img loading=\"lazy\" decoding=\"async\" width=\"1024\" height=\"556\" src=\"https:\/\/www.emanik.org\/wp-content\/uploads\/2026\/02\/Diapo-9-1-1024x556.jpg\" alt=\"\" class=\"wp-image-772\" srcset=\"https:\/\/www.emanik.org\/wp-content\/uploads\/2026\/02\/Diapo-9-1-1024x556.jpg 1024w, https:\/\/www.emanik.org\/wp-content\/uploads\/2026\/02\/Diapo-9-1-300x163.jpg 300w, https:\/\/www.emanik.org\/wp-content\/uploads\/2026\/02\/Diapo-9-1-768x417.jpg 768w, https:\/\/www.emanik.org\/wp-content\/uploads\/2026\/02\/Diapo-9-1.jpg 1165w\" sizes=\"auto, (max-width: 1024px) 100vw, 1024px\" \/><\/figure>\n\n\n\n<figure class=\"wp-block-image size-large\"><img loading=\"lazy\" decoding=\"async\" width=\"1024\" height=\"553\" src=\"https:\/\/www.emanik.org\/wp-content\/uploads\/2026\/02\/Diapo-10-1-1024x553.jpg\" alt=\"\" class=\"wp-image-773\" srcset=\"https:\/\/www.emanik.org\/wp-content\/uploads\/2026\/02\/Diapo-10-1-1024x553.jpg 1024w, https:\/\/www.emanik.org\/wp-content\/uploads\/2026\/02\/Diapo-10-1-300x162.jpg 300w, https:\/\/www.emanik.org\/wp-content\/uploads\/2026\/02\/Diapo-10-1-768x414.jpg 768w, https:\/\/www.emanik.org\/wp-content\/uploads\/2026\/02\/Diapo-10-1.jpg 1160w\" sizes=\"auto, (max-width: 1024px) 100vw, 1024px\" \/><\/figure>\n\n\n\n<figure class=\"wp-block-image size-large\"><img loading=\"lazy\" decoding=\"async\" width=\"1024\" height=\"562\" src=\"https:\/\/www.emanik.org\/wp-content\/uploads\/2026\/02\/Diapo-11-1-1024x562.jpg\" alt=\"\" class=\"wp-image-774\" srcset=\"https:\/\/www.emanik.org\/wp-content\/uploads\/2026\/02\/Diapo-11-1-1024x562.jpg 1024w, https:\/\/www.emanik.org\/wp-content\/uploads\/2026\/02\/Diapo-11-1-300x165.jpg 300w, https:\/\/www.emanik.org\/wp-content\/uploads\/2026\/02\/Diapo-11-1-768x421.jpg 768w, https:\/\/www.emanik.org\/wp-content\/uploads\/2026\/02\/Diapo-11-1.jpg 1163w\" sizes=\"auto, (max-width: 1024px) 100vw, 1024px\" \/><\/figure>\n\n\n\n<figure class=\"wp-block-image size-large\"><img loading=\"lazy\" decoding=\"async\" width=\"1024\" height=\"556\" src=\"https:\/\/www.emanik.org\/wp-content\/uploads\/2026\/02\/Diapo-12-1024x556.jpg\" alt=\"\" class=\"wp-image-775\" srcset=\"https:\/\/www.emanik.org\/wp-content\/uploads\/2026\/02\/Diapo-12-1024x556.jpg 1024w, https:\/\/www.emanik.org\/wp-content\/uploads\/2026\/02\/Diapo-12-300x163.jpg 300w, https:\/\/www.emanik.org\/wp-content\/uploads\/2026\/02\/Diapo-12-768x417.jpg 768w, https:\/\/www.emanik.org\/wp-content\/uploads\/2026\/02\/Diapo-12.jpg 1166w\" sizes=\"auto, (max-width: 1024px) 100vw, 1024px\" \/><\/figure>\n\n\n\n<figure class=\"wp-block-image size-large\"><img loading=\"lazy\" decoding=\"async\" width=\"1024\" height=\"566\" src=\"https:\/\/www.emanik.org\/wp-content\/uploads\/2026\/02\/Diapo-13-1024x566.jpg\" alt=\"\" class=\"wp-image-776\" srcset=\"https:\/\/www.emanik.org\/wp-content\/uploads\/2026\/02\/Diapo-13-1024x566.jpg 1024w, https:\/\/www.emanik.org\/wp-content\/uploads\/2026\/02\/Diapo-13-300x166.jpg 300w, https:\/\/www.emanik.org\/wp-content\/uploads\/2026\/02\/Diapo-13-768x425.jpg 768w, https:\/\/www.emanik.org\/wp-content\/uploads\/2026\/02\/Diapo-13.jpg 1159w\" sizes=\"auto, (max-width: 1024px) 100vw, 1024px\" \/><\/figure>\n\n\n\n<p><\/p>\n","protected":false},"excerpt":{"rendered":"<p>P\u00e9riode de Mission De janvier 2023 \u00e0 d\u00e9cembre 2024 Description du Programme Le projet men\u00e9 dans le quartier El Nuevo Amanecer \u2013 El Para\u00edso s\u2019adresse \u00e0 un groupe de 30 femmes d\u00e9j\u00e0 engag\u00e9es et actrices de leur communaut\u00e9. Elles participent toutes b\u00e9n\u00e9volement et activement au programme alimentaire El Vaso de Leche, notre partenaire principal. Ces [&hellip;]<\/p>\n","protected":false},"author":1,"featured_media":0,"parent":0,"menu_order":0,"comment_status":"closed","ping_status":"closed","template":"","meta":{"give_campaign_id":0,"footnotes":""},"class_list":["post-463","page","type-page","status-publish","hentry"],"yoast_head":"<!-- This site is optimized with the Yoast SEO plugin v27.6 - https:\/\/yoast.com\/product\/yoast-seo-wordpress\/ -->\n<title>Programme Femmes b\u00e2tisseuses - P\u00e9rou - EMANIK<\/title>\n<meta name=\"robots\" content=\"index, follow, max-snippet:-1, max-image-preview:large, max-video-preview:-1\" \/>\n<link rel=\"canonical\" href=\"https:\/\/www.emanik.org\/index.php\/programme-femmes-batisseuses-perou\/\" \/>\n<meta property=\"og:locale\" content=\"fr_FR\" \/>\n<meta property=\"og:type\" content=\"article\" \/>\n<meta property=\"og:title\" content=\"Programme Femmes b\u00e2tisseuses - P\u00e9rou - EMANIK\" \/>\n<meta property=\"og:description\" content=\"P\u00e9riode de Mission De janvier 2023 \u00e0 d\u00e9cembre 2024 Description du Programme Le projet men\u00e9 dans le quartier El Nuevo Amanecer \u2013 El Para\u00edso s\u2019adresse \u00e0 un groupe de 30 femmes d\u00e9j\u00e0 engag\u00e9es et actrices de leur communaut\u00e9. Elles participent toutes b\u00e9n\u00e9volement et activement au programme alimentaire El Vaso de Leche, notre partenaire principal. Ces [&hellip;]\" \/>\n<meta property=\"og:url\" content=\"https:\/\/www.emanik.org\/index.php\/programme-femmes-batisseuses-perou\/\" \/>\n<meta property=\"og:site_name\" content=\"EMANIK\" \/>\n<meta property=\"article:modified_time\" content=\"2026-02-27T17:36:30+00:00\" \/>\n<meta property=\"og:image\" content=\"https:\/\/www.emanik.org\/wp-content\/uploads\/2026\/02\/Diapo-1-1.jpg\" \/>\n\t<meta property=\"og:image:width\" content=\"1155\" \/>\n\t<meta property=\"og:image:height\" content=\"664\" \/>\n\t<meta property=\"og:image:type\" content=\"image\/jpeg\" \/>\n<meta name=\"twitter:card\" content=\"summary_large_image\" \/>\n<meta name=\"twitter:label1\" content=\"Dur\u00e9e de lecture estim\u00e9e\" \/>\n\t<meta name=\"twitter:data1\" content=\"5 minutes\" \/>\n<script type=\"application\/ld+json\" class=\"yoast-schema-graph\">{\"@context\":\"https:\\\/\\\/schema.org\",\"@graph\":[{\"@type\":\"WebPage\",\"@id\":\"https:\\\/\\\/www.emanik.org\\\/index.php\\\/programme-femmes-batisseuses-perou\\\/\",\"url\":\"https:\\\/\\\/www.emanik.org\\\/index.php\\\/programme-femmes-batisseuses-perou\\\/\",\"name\":\"Programme Femmes b\u00e2tisseuses - P\u00e9rou - EMANIK\",\"isPartOf\":{\"@id\":\"https:\\\/\\\/www.emanik.org\\\/#website\"},\"primaryImageOfPage\":{\"@id\":\"https:\\\/\\\/www.emanik.org\\\/index.php\\\/programme-femmes-batisseuses-perou\\\/#primaryimage\"},\"image\":{\"@id\":\"https:\\\/\\\/www.emanik.org\\\/index.php\\\/programme-femmes-batisseuses-perou\\\/#primaryimage\"},\"thumbnailUrl\":\"https:\\\/\\\/www.emanik.org\\\/wp-content\\\/uploads\\\/2026\\\/02\\\/Diapo-1-1-1024x589.jpg\",\"datePublished\":\"2022-12-26T11:07:18+00:00\",\"dateModified\":\"2026-02-27T17:36:30+00:00\",\"breadcrumb\":{\"@id\":\"https:\\\/\\\/www.emanik.org\\\/index.php\\\/programme-femmes-batisseuses-perou\\\/#breadcrumb\"},\"inLanguage\":\"fr-FR\",\"potentialAction\":[{\"@type\":\"ReadAction\",\"target\":[\"https:\\\/\\\/www.emanik.org\\\/index.php\\\/programme-femmes-batisseuses-perou\\\/\"]}]},{\"@type\":\"ImageObject\",\"inLanguage\":\"fr-FR\",\"@id\":\"https:\\\/\\\/www.emanik.org\\\/index.php\\\/programme-femmes-batisseuses-perou\\\/#primaryimage\",\"url\":\"https:\\\/\\\/www.emanik.org\\\/wp-content\\\/uploads\\\/2026\\\/02\\\/Diapo-1-1.jpg\",\"contentUrl\":\"https:\\\/\\\/www.emanik.org\\\/wp-content\\\/uploads\\\/2026\\\/02\\\/Diapo-1-1.jpg\",\"width\":1155,\"height\":664},{\"@type\":\"BreadcrumbList\",\"@id\":\"https:\\\/\\\/www.emanik.org\\\/index.php\\\/programme-femmes-batisseuses-perou\\\/#breadcrumb\",\"itemListElement\":[{\"@type\":\"ListItem\",\"position\":1,\"name\":\"Accueil\",\"item\":\"https:\\\/\\\/www.emanik.org\\\/\"},{\"@type\":\"ListItem\",\"position\":2,\"name\":\"Programme Femmes b\u00e2tisseuses &#8211; P\u00e9rou\"}]},{\"@type\":\"WebSite\",\"@id\":\"https:\\\/\\\/www.emanik.org\\\/#website\",\"url\":\"https:\\\/\\\/www.emanik.org\\\/\",\"name\":\"EMANIK\",\"description\":\"pour un monde plus juste\",\"publisher\":{\"@id\":\"https:\\\/\\\/www.emanik.org\\\/#organization\"},\"potentialAction\":[{\"@type\":\"SearchAction\",\"target\":{\"@type\":\"EntryPoint\",\"urlTemplate\":\"https:\\\/\\\/www.emanik.org\\\/?s={search_term_string}\"},\"query-input\":{\"@type\":\"PropertyValueSpecification\",\"valueRequired\":true,\"valueName\":\"search_term_string\"}}],\"inLanguage\":\"fr-FR\"},{\"@type\":\"Organization\",\"@id\":\"https:\\\/\\\/www.emanik.org\\\/#organization\",\"name\":\"EMANIK\",\"url\":\"https:\\\/\\\/www.emanik.org\\\/\",\"logo\":{\"@type\":\"ImageObject\",\"inLanguage\":\"fr-FR\",\"@id\":\"https:\\\/\\\/www.emanik.org\\\/#\\\/schema\\\/logo\\\/image\\\/\",\"url\":\"https:\\\/\\\/www.emanik.org\\\/wp-content\\\/uploads\\\/2018\\\/07\\\/cropped-petit-logo-5.jpg\",\"contentUrl\":\"https:\\\/\\\/www.emanik.org\\\/wp-content\\\/uploads\\\/2018\\\/07\\\/cropped-petit-logo-5.jpg\",\"width\":140,\"height\":140,\"caption\":\"EMANIK\"},\"image\":{\"@id\":\"https:\\\/\\\/www.emanik.org\\\/#\\\/schema\\\/logo\\\/image\\\/\"}}]}<\/script>\n<!-- \/ Yoast SEO plugin. -->","yoast_head_json":{"title":"Programme Femmes b\u00e2tisseuses - P\u00e9rou - EMANIK","robots":{"index":"index","follow":"follow","max-snippet":"max-snippet:-1","max-image-preview":"max-image-preview:large","max-video-preview":"max-video-preview:-1"},"canonical":"https:\/\/www.emanik.org\/index.php\/programme-femmes-batisseuses-perou\/","og_locale":"fr_FR","og_type":"article","og_title":"Programme Femmes b\u00e2tisseuses - P\u00e9rou - EMANIK","og_description":"P\u00e9riode de Mission De janvier 2023 \u00e0 d\u00e9cembre 2024 Description du Programme Le projet men\u00e9 dans le quartier El Nuevo Amanecer \u2013 El Para\u00edso s\u2019adresse \u00e0 un groupe de 30 femmes d\u00e9j\u00e0 engag\u00e9es et actrices de leur communaut\u00e9. Elles participent toutes b\u00e9n\u00e9volement et activement au programme alimentaire El Vaso de Leche, notre partenaire principal. Ces [&hellip;]","og_url":"https:\/\/www.emanik.org\/index.php\/programme-femmes-batisseuses-perou\/","og_site_name":"EMANIK","article_modified_time":"2026-02-27T17:36:30+00:00","og_image":[{"width":1155,"height":664,"url":"https:\/\/www.emanik.org\/wp-content\/uploads\/2026\/02\/Diapo-1-1.jpg","type":"image\/jpeg"}],"twitter_card":"summary_large_image","twitter_misc":{"Dur\u00e9e de lecture estim\u00e9e":"5 minutes"},"schema":{"@context":"https:\/\/schema.org","@graph":[{"@type":"WebPage","@id":"https:\/\/www.emanik.org\/index.php\/programme-femmes-batisseuses-perou\/","url":"https:\/\/www.emanik.org\/index.php\/programme-femmes-batisseuses-perou\/","name":"Programme Femmes b\u00e2tisseuses - P\u00e9rou - EMANIK","isPartOf":{"@id":"https:\/\/www.emanik.org\/#website"},"primaryImageOfPage":{"@id":"https:\/\/www.emanik.org\/index.php\/programme-femmes-batisseuses-perou\/#primaryimage"},"image":{"@id":"https:\/\/www.emanik.org\/index.php\/programme-femmes-batisseuses-perou\/#primaryimage"},"thumbnailUrl":"https:\/\/www.emanik.org\/wp-content\/uploads\/2026\/02\/Diapo-1-1-1024x589.jpg","datePublished":"2022-12-26T11:07:18+00:00","dateModified":"2026-02-27T17:36:30+00:00","breadcrumb":{"@id":"https:\/\/www.emanik.org\/index.php\/programme-femmes-batisseuses-perou\/#breadcrumb"},"inLanguage":"fr-FR","potentialAction":[{"@type":"ReadAction","target":["https:\/\/www.emanik.org\/index.php\/programme-femmes-batisseuses-perou\/"]}]},{"@type":"ImageObject","inLanguage":"fr-FR","@id":"https:\/\/www.emanik.org\/index.php\/programme-femmes-batisseuses-perou\/#primaryimage","url":"https:\/\/www.emanik.org\/wp-content\/uploads\/2026\/02\/Diapo-1-1.jpg","contentUrl":"https:\/\/www.emanik.org\/wp-content\/uploads\/2026\/02\/Diapo-1-1.jpg","width":1155,"height":664},{"@type":"BreadcrumbList","@id":"https:\/\/www.emanik.org\/index.php\/programme-femmes-batisseuses-perou\/#breadcrumb","itemListElement":[{"@type":"ListItem","position":1,"name":"Accueil","item":"https:\/\/www.emanik.org\/"},{"@type":"ListItem","position":2,"name":"Programme Femmes b\u00e2tisseuses &#8211; P\u00e9rou"}]},{"@type":"WebSite","@id":"https:\/\/www.emanik.org\/#website","url":"https:\/\/www.emanik.org\/","name":"EMANIK","description":"pour un monde plus juste","publisher":{"@id":"https:\/\/www.emanik.org\/#organization"},"potentialAction":[{"@type":"SearchAction","target":{"@type":"EntryPoint","urlTemplate":"https:\/\/www.emanik.org\/?s={search_term_string}"},"query-input":{"@type":"PropertyValueSpecification","valueRequired":true,"valueName":"search_term_string"}}],"inLanguage":"fr-FR"},{"@type":"Organization","@id":"https:\/\/www.emanik.org\/#organization","name":"EMANIK","url":"https:\/\/www.emanik.org\/","logo":{"@type":"ImageObject","inLanguage":"fr-FR","@id":"https:\/\/www.emanik.org\/#\/schema\/logo\/image\/","url":"https:\/\/www.emanik.org\/wp-content\/uploads\/2018\/07\/cropped-petit-logo-5.jpg","contentUrl":"https:\/\/www.emanik.org\/wp-content\/uploads\/2018\/07\/cropped-petit-logo-5.jpg","width":140,"height":140,"caption":"EMANIK"},"image":{"@id":"https:\/\/www.emanik.org\/#\/schema\/logo\/image\/"}}]}},"campaignId":"","_links":{"self":[{"href":"https:\/\/www.emanik.org\/index.php\/wp-json\/wp\/v2\/pages\/463","targetHints":{"allow":["GET"]}}],"collection":[{"href":"https:\/\/www.emanik.org\/index.php\/wp-json\/wp\/v2\/pages"}],"about":[{"href":"https:\/\/www.emanik.org\/index.php\/wp-json\/wp\/v2\/types\/page"}],"author":[{"embeddable":true,"href":"https:\/\/www.emanik.org\/index.php\/wp-json\/wp\/v2\/users\/1"}],"replies":[{"embeddable":true,"href":"https:\/\/www.emanik.org\/index.php\/wp-json\/wp\/v2\/comments?post=463"}],"version-history":[{"count":15,"href":"https:\/\/www.emanik.org\/index.php\/wp-json\/wp\/v2\/pages\/463\/revisions"}],"predecessor-version":[{"id":799,"href":"https:\/\/www.emanik.org\/index.php\/wp-json\/wp\/v2\/pages\/463\/revisions\/799"}],"wp:attachment":[{"href":"https:\/\/www.emanik.org\/index.php\/wp-json\/wp\/v2\/media?parent=463"}],"curies":[{"name":"wp","href":"https:\/\/api.w.org\/{rel}","templated":true}]}}