{"id":597,"date":"2026-01-05T15:26:49","date_gmt":"2026-01-05T14:26:49","guid":{"rendered":"https:\/\/www.emanik.org\/?page_id=597"},"modified":"2026-02-27T18:33:19","modified_gmt":"2026-02-27T17:33:19","slug":"notre-histoire","status":"publish","type":"page","link":"https:\/\/www.emanik.org\/index.php\/notre-histoire\/","title":{"rendered":"Notre Histoire"},"content":{"rendered":"\n<p class=\"has-text-align-left has-vollkorn-font-family has-medium-font-size\"><strong>EMANIK<\/strong> est n\u00e9e d\u2019une volont\u00e9 claire : contribuer \u00e0 un monde plus juste en apportant une aide concr\u00e8te et responsable aux personnes et communaut\u00e9s vuln\u00e9rables.<\/p>\n\n\n\n<p class=\"has-text-align-left has-vollkorn-font-family has-medium-font-size\">L\u2019association, cr\u00e9\u00e9e et enregistr\u00e9e en France, s\u2019est construite autour de valeurs humanitaires fortes. Elle d\u00e9fend une solidarit\u00e9 durable, fond\u00e9e sur le respect et la transparence.<\/p>\n\n\n\n<p class=\"has-text-align-left has-vollkorn-font-family has-medium-font-size\"><strong>EMANIK<\/strong> a lanc\u00e9 ses premi\u00e8res actions au P\u00e9rou en collaboration avec des acteurs locaux. Ces initiatives ont r\u00e9pondu \u00e0 des besoins sociaux identifi\u00e9s directement sur le terrain.<\/p>\n\n\n\n<p class=\"has-text-align-left has-vollkorn-font-family has-medium-font-size\">Cette approche de proximit\u00e9 permet \u00e0 l\u2019association d\u2019agir de fa\u00e7on adapt\u00e9e et efficace. Elle garantit aussi le respect des r\u00e9alit\u00e9s culturelles et sociales.<\/p>\n\n\n\n<p class=\"has-text-align-left has-vollkorn-font-family has-medium-font-size\"><strong>EMANIK<\/strong> d\u00e9veloppe ses projets avec une attention constante port\u00e9e \u00e0 leur impact. L\u2019association veille \u00e0 l\u2019utilisation responsable des ressources et \u00e0 la confiance de ses partenaires et donateurs.<\/p>\n\n\n\n<figure class=\"wp-block-gallery has-nested-images columns-default is-cropped wp-block-gallery-1 is-layout-flex wp-block-gallery-is-layout-flex\">\n<figure class=\"wp-block-image size-large\"><img loading=\"lazy\" decoding=\"async\" width=\"1024\" height=\"571\" data-id=\"742\" src=\"https:\/\/www.emanik.org\/wp-content\/uploads\/2026\/02\/Notre-parcours-1-1024x571.jpg\" alt=\"\" class=\"wp-image-742\" srcset=\"https:\/\/www.emanik.org\/wp-content\/uploads\/2026\/02\/Notre-parcours-1-1024x571.jpg 1024w, https:\/\/www.emanik.org\/wp-content\/uploads\/2026\/02\/Notre-parcours-1-300x167.jpg 300w, https:\/\/www.emanik.org\/wp-content\/uploads\/2026\/02\/Notre-parcours-1-768x428.jpg 768w, https:\/\/www.emanik.org\/wp-content\/uploads\/2026\/02\/Notre-parcours-1.jpg 1173w\" sizes=\"auto, (max-width: 1024px) 100vw, 1024px\" \/><\/figure>\n<\/figure>\n\n\n\n<figure class=\"wp-block-gallery has-nested-images columns-default is-cropped wp-block-gallery-2 is-layout-flex wp-block-gallery-is-layout-flex\">\n<figure class=\"wp-block-image size-large\"><img loading=\"lazy\" decoding=\"async\" width=\"1024\" height=\"570\" data-id=\"745\" src=\"https:\/\/www.emanik.org\/wp-content\/uploads\/2026\/02\/2-Talentos-1-1024x570.jpg\" alt=\"\" class=\"wp-image-745\" srcset=\"https:\/\/www.emanik.org\/wp-content\/uploads\/2026\/02\/2-Talentos-1-1024x570.jpg 1024w, https:\/\/www.emanik.org\/wp-content\/uploads\/2026\/02\/2-Talentos-1-300x167.jpg 300w, https:\/\/www.emanik.org\/wp-content\/uploads\/2026\/02\/2-Talentos-1-768x427.jpg 768w, https:\/\/www.emanik.org\/wp-content\/uploads\/2026\/02\/2-Talentos-1.jpg 1165w\" sizes=\"auto, (max-width: 1024px) 100vw, 1024px\" \/><\/figure>\n<\/figure>\n\n\n\n<figure class=\"wp-block-image size-large\"><img loading=\"lazy\" decoding=\"async\" width=\"1024\" height=\"566\" src=\"https:\/\/www.emanik.org\/wp-content\/uploads\/2026\/02\/3-Mujeres-1-1024x566.jpg\" alt=\"\" class=\"wp-image-746\" srcset=\"https:\/\/www.emanik.org\/wp-content\/uploads\/2026\/02\/3-Mujeres-1-1024x566.jpg 1024w, https:\/\/www.emanik.org\/wp-content\/uploads\/2026\/02\/3-Mujeres-1-300x166.jpg 300w, https:\/\/www.emanik.org\/wp-content\/uploads\/2026\/02\/3-Mujeres-1-768x425.jpg 768w, https:\/\/www.emanik.org\/wp-content\/uploads\/2026\/02\/3-Mujeres-1.jpg 1170w\" sizes=\"auto, (max-width: 1024px) 100vw, 1024px\" \/><\/figure>\n\n\n\n<figure class=\"wp-block-image size-large\"><img loading=\"lazy\" decoding=\"async\" width=\"1024\" height=\"572\" src=\"https:\/\/www.emanik.org\/wp-content\/uploads\/2026\/02\/4-Resultados-1-1024x572.jpg\" alt=\"\" class=\"wp-image-778\" srcset=\"https:\/\/www.emanik.org\/wp-content\/uploads\/2026\/02\/4-Resultados-1-1024x572.jpg 1024w, https:\/\/www.emanik.org\/wp-content\/uploads\/2026\/02\/4-Resultados-1-300x168.jpg 300w, https:\/\/www.emanik.org\/wp-content\/uploads\/2026\/02\/4-Resultados-1-768x429.jpg 768w, https:\/\/www.emanik.org\/wp-content\/uploads\/2026\/02\/4-Resultados-1.jpg 1169w\" sizes=\"auto, (max-width: 1024px) 100vw, 1024px\" \/><\/figure>\n","protected":false},"excerpt":{"rendered":"<p>EMANIK est n\u00e9e d\u2019une volont\u00e9 claire : contribuer \u00e0 un monde plus juste en apportant une aide concr\u00e8te et responsable aux personnes et communaut\u00e9s vuln\u00e9rables. L\u2019association, cr\u00e9\u00e9e et enregistr\u00e9e en France, s\u2019est construite autour de valeurs humanitaires fortes. Elle d\u00e9fend une solidarit\u00e9 durable, fond\u00e9e sur le respect et la transparence. EMANIK a lanc\u00e9 ses premi\u00e8res [&hellip;]<\/p>\n","protected":false},"author":1,"featured_media":0,"parent":0,"menu_order":0,"comment_status":"closed","ping_status":"closed","template":"","meta":{"give_campaign_id":0,"footnotes":""},"class_list":["post-597","page","type-page","status-publish","hentry"],"yoast_head":"<!-- This site is optimized with the Yoast SEO plugin v27.5 - https:\/\/yoast.com\/product\/yoast-seo-wordpress\/ -->\n<title>Notre Histoire - EMANIK<\/title>\n<meta name=\"robots\" content=\"index, follow, max-snippet:-1, max-image-preview:large, max-video-preview:-1\" \/>\n<link rel=\"canonical\" href=\"https:\/\/www.emanik.org\/index.php\/notre-histoire\/\" \/>\n<meta property=\"og:locale\" content=\"fr_FR\" \/>\n<meta property=\"og:type\" content=\"article\" \/>\n<meta property=\"og:title\" content=\"Notre Histoire - EMANIK\" \/>\n<meta property=\"og:description\" content=\"EMANIK est n\u00e9e d\u2019une volont\u00e9 claire : contribuer \u00e0 un monde plus juste en apportant une aide concr\u00e8te et responsable aux personnes et communaut\u00e9s vuln\u00e9rables. L\u2019association, cr\u00e9\u00e9e et enregistr\u00e9e en France, s\u2019est construite autour de valeurs humanitaires fortes. Elle d\u00e9fend une solidarit\u00e9 durable, fond\u00e9e sur le respect et la transparence. EMANIK a lanc\u00e9 ses premi\u00e8res [&hellip;]\" \/>\n<meta property=\"og:url\" content=\"https:\/\/www.emanik.org\/index.php\/notre-histoire\/\" \/>\n<meta property=\"og:site_name\" content=\"EMANIK\" \/>\n<meta property=\"article:modified_time\" content=\"2026-02-27T17:33:19+00:00\" \/>\n<meta property=\"og:image\" content=\"https:\/\/www.emanik.org\/wp-content\/uploads\/2026\/02\/Notre-parcours-1.jpg\" \/>\n\t<meta property=\"og:image:width\" content=\"1173\" \/>\n\t<meta property=\"og:image:height\" content=\"654\" \/>\n\t<meta property=\"og:image:type\" content=\"image\/jpeg\" \/>\n<meta name=\"twitter:card\" content=\"summary_large_image\" \/>\n<meta name=\"twitter:label1\" content=\"Dur\u00e9e de lecture estim\u00e9e\" \/>\n\t<meta name=\"twitter:data1\" content=\"2 minutes\" \/>\n<script type=\"application\/ld+json\" class=\"yoast-schema-graph\">{\"@context\":\"https:\\\/\\\/schema.org\",\"@graph\":[{\"@type\":\"WebPage\",\"@id\":\"https:\\\/\\\/www.emanik.org\\\/index.php\\\/notre-histoire\\\/\",\"url\":\"https:\\\/\\\/www.emanik.org\\\/index.php\\\/notre-histoire\\\/\",\"name\":\"Notre Histoire - EMANIK\",\"isPartOf\":{\"@id\":\"https:\\\/\\\/www.emanik.org\\\/#website\"},\"primaryImageOfPage\":{\"@id\":\"https:\\\/\\\/www.emanik.org\\\/index.php\\\/notre-histoire\\\/#primaryimage\"},\"image\":{\"@id\":\"https:\\\/\\\/www.emanik.org\\\/index.php\\\/notre-histoire\\\/#primaryimage\"},\"thumbnailUrl\":\"https:\\\/\\\/www.emanik.org\\\/wp-content\\\/uploads\\\/2026\\\/02\\\/Notre-parcours-1-1024x571.jpg\",\"datePublished\":\"2026-01-05T14:26:49+00:00\",\"dateModified\":\"2026-02-27T17:33:19+00:00\",\"breadcrumb\":{\"@id\":\"https:\\\/\\\/www.emanik.org\\\/index.php\\\/notre-histoire\\\/#breadcrumb\"},\"inLanguage\":\"fr-FR\",\"potentialAction\":[{\"@type\":\"ReadAction\",\"target\":[\"https:\\\/\\\/www.emanik.org\\\/index.php\\\/notre-histoire\\\/\"]}]},{\"@type\":\"ImageObject\",\"inLanguage\":\"fr-FR\",\"@id\":\"https:\\\/\\\/www.emanik.org\\\/index.php\\\/notre-histoire\\\/#primaryimage\",\"url\":\"https:\\\/\\\/www.emanik.org\\\/wp-content\\\/uploads\\\/2026\\\/02\\\/Notre-parcours-1.jpg\",\"contentUrl\":\"https:\\\/\\\/www.emanik.org\\\/wp-content\\\/uploads\\\/2026\\\/02\\\/Notre-parcours-1.jpg\",\"width\":1173,\"height\":654},{\"@type\":\"BreadcrumbList\",\"@id\":\"https:\\\/\\\/www.emanik.org\\\/index.php\\\/notre-histoire\\\/#breadcrumb\",\"itemListElement\":[{\"@type\":\"ListItem\",\"position\":1,\"name\":\"Accueil\",\"item\":\"https:\\\/\\\/www.emanik.org\\\/\"},{\"@type\":\"ListItem\",\"position\":2,\"name\":\"Notre Histoire\"}]},{\"@type\":\"WebSite\",\"@id\":\"https:\\\/\\\/www.emanik.org\\\/#website\",\"url\":\"https:\\\/\\\/www.emanik.org\\\/\",\"name\":\"EMANIK\",\"description\":\"pour un monde plus juste\",\"publisher\":{\"@id\":\"https:\\\/\\\/www.emanik.org\\\/#organization\"},\"potentialAction\":[{\"@type\":\"SearchAction\",\"target\":{\"@type\":\"EntryPoint\",\"urlTemplate\":\"https:\\\/\\\/www.emanik.org\\\/?s={search_term_string}\"},\"query-input\":{\"@type\":\"PropertyValueSpecification\",\"valueRequired\":true,\"valueName\":\"search_term_string\"}}],\"inLanguage\":\"fr-FR\"},{\"@type\":\"Organization\",\"@id\":\"https:\\\/\\\/www.emanik.org\\\/#organization\",\"name\":\"EMANIK\",\"url\":\"https:\\\/\\\/www.emanik.org\\\/\",\"logo\":{\"@type\":\"ImageObject\",\"inLanguage\":\"fr-FR\",\"@id\":\"https:\\\/\\\/www.emanik.org\\\/#\\\/schema\\\/logo\\\/image\\\/\",\"url\":\"https:\\\/\\\/www.emanik.org\\\/wp-content\\\/uploads\\\/2018\\\/07\\\/cropped-petit-logo-5.jpg\",\"contentUrl\":\"https:\\\/\\\/www.emanik.org\\\/wp-content\\\/uploads\\\/2018\\\/07\\\/cropped-petit-logo-5.jpg\",\"width\":140,\"height\":140,\"caption\":\"EMANIK\"},\"image\":{\"@id\":\"https:\\\/\\\/www.emanik.org\\\/#\\\/schema\\\/logo\\\/image\\\/\"}}]}<\/script>\n<!-- \/ Yoast SEO plugin. -->","yoast_head_json":{"title":"Notre Histoire - EMANIK","robots":{"index":"index","follow":"follow","max-snippet":"max-snippet:-1","max-image-preview":"max-image-preview:large","max-video-preview":"max-video-preview:-1"},"canonical":"https:\/\/www.emanik.org\/index.php\/notre-histoire\/","og_locale":"fr_FR","og_type":"article","og_title":"Notre Histoire - EMANIK","og_description":"EMANIK est n\u00e9e d\u2019une volont\u00e9 claire : contribuer \u00e0 un monde plus juste en apportant une aide concr\u00e8te et responsable aux personnes et communaut\u00e9s vuln\u00e9rables. L\u2019association, cr\u00e9\u00e9e et enregistr\u00e9e en France, s\u2019est construite autour de valeurs humanitaires fortes. Elle d\u00e9fend une solidarit\u00e9 durable, fond\u00e9e sur le respect et la transparence. EMANIK a lanc\u00e9 ses premi\u00e8res [&hellip;]","og_url":"https:\/\/www.emanik.org\/index.php\/notre-histoire\/","og_site_name":"EMANIK","article_modified_time":"2026-02-27T17:33:19+00:00","og_image":[{"width":1173,"height":654,"url":"https:\/\/www.emanik.org\/wp-content\/uploads\/2026\/02\/Notre-parcours-1.jpg","type":"image\/jpeg"}],"twitter_card":"summary_large_image","twitter_misc":{"Dur\u00e9e de lecture estim\u00e9e":"2 minutes"},"schema":{"@context":"https:\/\/schema.org","@graph":[{"@type":"WebPage","@id":"https:\/\/www.emanik.org\/index.php\/notre-histoire\/","url":"https:\/\/www.emanik.org\/index.php\/notre-histoire\/","name":"Notre Histoire - EMANIK","isPartOf":{"@id":"https:\/\/www.emanik.org\/#website"},"primaryImageOfPage":{"@id":"https:\/\/www.emanik.org\/index.php\/notre-histoire\/#primaryimage"},"image":{"@id":"https:\/\/www.emanik.org\/index.php\/notre-histoire\/#primaryimage"},"thumbnailUrl":"https:\/\/www.emanik.org\/wp-content\/uploads\/2026\/02\/Notre-parcours-1-1024x571.jpg","datePublished":"2026-01-05T14:26:49+00:00","dateModified":"2026-02-27T17:33:19+00:00","breadcrumb":{"@id":"https:\/\/www.emanik.org\/index.php\/notre-histoire\/#breadcrumb"},"inLanguage":"fr-FR","potentialAction":[{"@type":"ReadAction","target":["https:\/\/www.emanik.org\/index.php\/notre-histoire\/"]}]},{"@type":"ImageObject","inLanguage":"fr-FR","@id":"https:\/\/www.emanik.org\/index.php\/notre-histoire\/#primaryimage","url":"https:\/\/www.emanik.org\/wp-content\/uploads\/2026\/02\/Notre-parcours-1.jpg","contentUrl":"https:\/\/www.emanik.org\/wp-content\/uploads\/2026\/02\/Notre-parcours-1.jpg","width":1173,"height":654},{"@type":"BreadcrumbList","@id":"https:\/\/www.emanik.org\/index.php\/notre-histoire\/#breadcrumb","itemListElement":[{"@type":"ListItem","position":1,"name":"Accueil","item":"https:\/\/www.emanik.org\/"},{"@type":"ListItem","position":2,"name":"Notre Histoire"}]},{"@type":"WebSite","@id":"https:\/\/www.emanik.org\/#website","url":"https:\/\/www.emanik.org\/","name":"EMANIK","description":"pour un monde plus juste","publisher":{"@id":"https:\/\/www.emanik.org\/#organization"},"potentialAction":[{"@type":"SearchAction","target":{"@type":"EntryPoint","urlTemplate":"https:\/\/www.emanik.org\/?s={search_term_string}"},"query-input":{"@type":"PropertyValueSpecification","valueRequired":true,"valueName":"search_term_string"}}],"inLanguage":"fr-FR"},{"@type":"Organization","@id":"https:\/\/www.emanik.org\/#organization","name":"EMANIK","url":"https:\/\/www.emanik.org\/","logo":{"@type":"ImageObject","inLanguage":"fr-FR","@id":"https:\/\/www.emanik.org\/#\/schema\/logo\/image\/","url":"https:\/\/www.emanik.org\/wp-content\/uploads\/2018\/07\/cropped-petit-logo-5.jpg","contentUrl":"https:\/\/www.emanik.org\/wp-content\/uploads\/2018\/07\/cropped-petit-logo-5.jpg","width":140,"height":140,"caption":"EMANIK"},"image":{"@id":"https:\/\/www.emanik.org\/#\/schema\/logo\/image\/"}}]}},"campaignId":"","_links":{"self":[{"href":"https:\/\/www.emanik.org\/index.php\/wp-json\/wp\/v2\/pages\/597","targetHints":{"allow":["GET"]}}],"collection":[{"href":"https:\/\/www.emanik.org\/index.php\/wp-json\/wp\/v2\/pages"}],"about":[{"href":"https:\/\/www.emanik.org\/index.php\/wp-json\/wp\/v2\/types\/page"}],"author":[{"embeddable":true,"href":"https:\/\/www.emanik.org\/index.php\/wp-json\/wp\/v2\/users\/1"}],"replies":[{"embeddable":true,"href":"https:\/\/www.emanik.org\/index.php\/wp-json\/wp\/v2\/comments?post=597"}],"version-history":[{"count":7,"href":"https:\/\/www.emanik.org\/index.php\/wp-json\/wp\/v2\/pages\/597\/revisions"}],"predecessor-version":[{"id":795,"href":"https:\/\/www.emanik.org\/index.php\/wp-json\/wp\/v2\/pages\/597\/revisions\/795"}],"wp:attachment":[{"href":"https:\/\/www.emanik.org\/index.php\/wp-json\/wp\/v2\/media?parent=597"}],"curies":[{"name":"wp","href":"https:\/\/api.w.org\/{rel}","templated":true}]}}